{"id":630,"date":"2020-05-21T21:39:18","date_gmt":"2020-05-21T19:39:18","guid":{"rendered":"https:\/\/www.manif.app\/wp\/?page_id=630"},"modified":"2024-07-07T17:42:32","modified_gmt":"2024-07-07T15:42:32","slug":"contacte-ca","status":"publish","type":"page","link":"https:\/\/www.manif.app\/wp\/contacte-ca\/","title":{"rendered":"contacte"},"content":{"rendered":"<p>Per contactar amb nosaltres:<\/p>\n<p>email : <img loading=\"lazy\" decoding=\"async\" class=\"alignnone size-full wp-image-708\" src=\"https:\/\/www.manif.app\/wp\/wp-content\/uploads\/2024\/07\/weprotestmail.png\" alt=\"\" width=\"181\" height=\"18\" \/><\/p>\n<p>Facebook : <a href=\"https:\/\/www.facebook.com\/manifapp\/\" target=\"_blank\" rel=\"noopener noreferrer\">www.facebook.com\/manifapp\/<\/a><\/p>\n<p>&nbsp;<\/p>\n<p><strong>Cr\u00e9dits<\/strong><\/p>\n<p>Concepte, desenvolupament : Antoine Schmitt<br \/>\nComunicaci\u00f3, debats : Hortense Gauthier<\/p>\n<p>Traduccions:<br \/>\n\u2022 Angl\u00e8s : Antoine Schmitt<br \/>\n\u2022 Portugu\u00e8s : Cl\u00e1udia Linhares Sales (SBPC)<br \/>\n<span class=\"tlid-translation translation\" lang=\"es\"><span class=\"\" title=\"\">\u2022\u00a0<\/span><\/span>Itali\u00e0 : Chantal Lora<br \/>\n\u2022\u00a0<span class=\"tlid-translation translation\" lang=\"es\"><span class=\"\" title=\"\">Espanyol : Matias Schuttenberg, Pamela Gavila<br \/>\n\u2022 Catal\u00e0 : Pau Waelder, Raquel Herrera<br \/>\n\u2022 Persa : Samanu<br \/>\n\u2022 Rus : Inga Pichat<br \/>\n\u2022 Japon\u00e8s : Miho SANO<br \/>\n\u2022 Alemany : deepl.com (supervisat per ab)<br \/>\n\u2022 Xin\u00e8s : Claire Harsany, M.T., \u6c6a\u6021\u541b<br \/>\n<\/span><\/span><\/p>\n<p>Gr\u00e0cies a la xarxa de col\u00b7laboradors\/es, , David Guez, Olivier Mevel, Patricia Dallio, Jean-Marc Matos, V\u00e9ro God\u00e9, Fr\u00e9d\u00e9rique Deviller, Jean-Jacques Birg\u00e9, Alissa Thor, Jean-philippe Lannoy, Samson Sylvain, Camille&#8230;<\/p>\n<p>Agra\u00efments especials a Guinness (La Quadrature Du Net) per l\u2019assist\u00e8ncia t\u00e8cnica.<\/p>\n<p>&nbsp;<\/p>\n<p><strong>Mencions legals<\/strong><\/p>\n<p><span class=\"tlid-translation translation\" lang=\"pt\"><span class=\"\" title=\"\">weprotest.xyz\/Manif.app<\/span><\/span> \u00e9s una iniciativa ciutadana sense finalitat comercial.<br \/>\n<span class=\"tlid-translation translation\" lang=\"pt\"><span class=\"\" title=\"\">weprotest.xyz\/Manif.app<\/span><\/span> no recopila cap dada personal.<br \/>\nLloc web publicat per Antoine Schmitt, allotjat en un servidor dedicat, llogat a phpnet.org.<br \/>\n<span class=\"tlid-translation translation\" lang=\"pt\"><span class=\"\" title=\"\">weprotest.xyz\/Manif.app<\/span><\/span> emmagatzema nom\u00e9s una cookie, utilitzada nom\u00e9s en aquest lloc, per memoritzar el potencial avatar de l\u2019usuari durant 24 hores.<\/p>\n<p>&nbsp;<\/p>\n<p><strong>Condicions d&rsquo;\u00fas<\/strong><\/p>\n<p>\u2022 L\u2019editor no es fa responsable en cas d\u2019interrupci\u00f3 del servei<br \/>\n\u2022 L\u2019editor no es fa responsable del contingut de les consignes<br \/>\n\u2022 L\u2019editor no es fa responsable de l\u2019organitzaci\u00f3 de les manifestacions i protestes, de la seva localitzaci\u00f3, del seu objecte.<\/p>\n<p>&nbsp;<\/p>\n<p>&nbsp;<\/p>\n","protected":false},"excerpt":{"rendered":"<p>Per contactar amb nosaltres: email : Facebook : www.facebook.com\/manifapp\/ &nbsp; Cr\u00e9dits Concepte, desenvolupament : Antoine Schmitt Comunicaci\u00f3, debats : Hortense Gauthier Traduccions: \u2022 Angl\u00e8s : Antoine Schmitt \u2022 Portugu\u00e8s : Cl\u00e1udia Linhares Sales (SBPC) \u2022\u00a0Itali\u00e0 : Chantal Lora \u2022\u00a0Espanyol : Matias Schuttenberg, Pamela Gavila \u2022 Catal\u00e0 : Pau Waelder, Raquel Herrera \u2022 Persa : Samanu&hellip;&nbsp;<a href=\"https:\/\/www.manif.app\/wp\/contacte-ca\/\" rel=\"bookmark\">Lire la suite &raquo;<span class=\"screen-reader-text\">contacte<\/span><\/a><\/p>\n","protected":false},"author":1,"featured_media":0,"parent":0,"menu_order":0,"comment_status":"closed","ping_status":"closed","template":"","meta":{"neve_meta_sidebar":"full-width","neve_meta_container":"","neve_meta_enable_content_width":"on","neve_meta_content_width":100,"neve_meta_title_alignment":"","neve_meta_author_avatar":"","neve_post_elements_order":"","neve_meta_disable_header":"","neve_meta_disable_footer":"","neve_meta_disable_title":"","footnotes":""},"class_list":["post-630","page","type-page","status-publish","hentry"],"_links":{"self":[{"href":"https:\/\/www.manif.app\/wp\/wp-json\/wp\/v2\/pages\/630","targetHints":{"allow":["GET"]}}],"collection":[{"href":"https:\/\/www.manif.app\/wp\/wp-json\/wp\/v2\/pages"}],"about":[{"href":"https:\/\/www.manif.app\/wp\/wp-json\/wp\/v2\/types\/page"}],"author":[{"embeddable":true,"href":"https:\/\/www.manif.app\/wp\/wp-json\/wp\/v2\/users\/1"}],"replies":[{"embeddable":true,"href":"https:\/\/www.manif.app\/wp\/wp-json\/wp\/v2\/comments?post=630"}],"version-history":[{"count":6,"href":"https:\/\/www.manif.app\/wp\/wp-json\/wp\/v2\/pages\/630\/revisions"}],"predecessor-version":[{"id":724,"href":"https:\/\/www.manif.app\/wp\/wp-json\/wp\/v2\/pages\/630\/revisions\/724"}],"wp:attachment":[{"href":"https:\/\/www.manif.app\/wp\/wp-json\/wp\/v2\/media?parent=630"}],"curies":[{"name":"wp","href":"https:\/\/api.w.org\/{rel}","templated":true}]}}