{"id":528,"date":"2020-05-18T00:31:12","date_gmt":"2020-05-17T22:31:12","guid":{"rendered":"https:\/\/www.manif.app\/wp\/?page_id=528"},"modified":"2024-07-07T17:43:04","modified_gmt":"2024-07-07T15:43:04","slug":"contact-de","status":"publish","type":"page","link":"https:\/\/www.manif.app\/wp\/contact-de\/","title":{"rendered":"Kontakt"},"content":{"rendered":"<p style=\"text-align: justify;\"><strong>Um uns zu kontaktieren :<\/strong><\/p>\n<p style=\"text-align: justify;\">E-Mail : <img loading=\"lazy\" decoding=\"async\" class=\"alignnone size-full wp-image-708\" src=\"https:\/\/www.manif.app\/wp\/wp-content\/uploads\/2024\/07\/weprotestmail.png\" alt=\"\" width=\"181\" height=\"18\" \/><br \/>\nFacebook : <a href=\"https:\/\/www.facebook.com\/manifapp\/\" target=\"_blank\" rel=\"noopener noreferrer\">www.facebook.com\/manifapp\/<\/a><\/p>\n<p style=\"text-align: justify;\"><strong>Credits<\/strong><\/p>\n<p style=\"text-align: justify;\">Konzept, Entwicklung: Antoine Schmitt<br \/>\nKommunikation, Diskussionen: Hortense Gauthier<\/p>\n<p style=\"text-align: justify;\">\u00dcbersetzungen:<br \/>\n\u2022 Englisch : Antoine Schmitt<br \/>\n\u2022 Portugiesisch : Cl\u00e1udia Linhares Verk\u00e4ufe (SBPC)<br \/>\n\u2022 Italienisch : Chantal Lora<br \/>\n\u2022 Spanisch : Matias Schuttenberg, Pamela Gavila<br \/>\n\u2022 <span class=\"tlid-translation translation\" lang=\"de\"><span class=\"\" title=\"\">Katalanisch<\/span><\/span> : Pau Waelder, Raquel Herrera<br \/>\n\u2022 Persisch : Samanu<br \/>\n\u2022 Russisch : Inga Pichat<br \/>\n\u2022 Deutsch : deepl.com (unter Aufsicht von ab)<br \/>\n\u2022 Chinesisch : Claire Harsany, M.T., \u6c6a\u6021\u541b<\/p>\n<p style=\"text-align: justify;\">Dank an das Unterst\u00fctzungsnetz, David Guez, Olivier Mevel, Patricia Dallio, Jean-Marc Matos, V\u00e9ro God\u00e9, Fr\u00e9d\u00e9rique Deviller, Jean-Jacques Birg\u00e9, Alissa Thor, Jean-philippe Lannoy, Samson Sylvain, Camille&#8230;<\/p>\n<p style=\"text-align: justify;\">Besonderer Dank an Guinness (La Quadrature Du Net) f\u00fcr die technische Expertise.<\/p>\n<p style=\"text-align: justify;\"><strong>Rechtliche Bedingungen<\/strong><\/p>\n<p style=\"text-align: justify;\"><span class=\"tlid-translation translation\" lang=\"pt\"><span class=\"\" title=\"\">weprotest.xyz\/Manif.app<\/span><\/span> ist eine zivilgesellschaftliche Initiative ohne kommerziellen Zweck.<br \/>\n<span class=\"tlid-translation translation\" lang=\"pt\"><span class=\"\" title=\"\">weprotest.xyz\/Manif.app<\/span><\/span> sammelt keine pers\u00f6nlichen Daten.<br \/>\nWebsite ver\u00f6ffentlicht von Antoine Schmitt, gehostet auf einem dedizierten Server, gemietet auf phpnet.org.<br \/>\n<span class=\"tlid-translation translation\" lang=\"pt\"><span class=\"\" title=\"\">weprotest.xyz\/Manif.app<\/span><\/span> speichert nur ein Cookie, das nur auf dieser Website verwendet wird, um den potentiellen Avatar des Benutzers f\u00fcr 24 Stunden zu speichern.<\/p>\n<p style=\"text-align: justify;\"><strong>Nutzungsbedingungen f\u00fcr Manif.app<\/strong><\/p>\n<p style=\"text-align: justify;\">Der Herausgeber ist im Falle einer Unterbrechung des Dienstes nicht verantwortlich.<br \/>\nDer Herausgeber ist f\u00fcr den Inhalt der Slogans nicht verantwortlich.<br \/>\nDer Herausgeber ist nicht verantwortlich f\u00fcr die Organisation der Demonstrationen und Proteste, f\u00fcr ihre Lokalisierung, f\u00fcr ihr Anliegen.<\/p>\n","protected":false},"excerpt":{"rendered":"<p>Um uns zu kontaktieren : E-Mail : Facebook : www.facebook.com\/manifapp\/ Credits Konzept, Entwicklung: Antoine Schmitt Kommunikation, Diskussionen: Hortense Gauthier \u00dcbersetzungen: \u2022 Englisch : Antoine Schmitt \u2022 Portugiesisch : Cl\u00e1udia Linhares Verk\u00e4ufe (SBPC) \u2022 Italienisch : Chantal Lora \u2022 Spanisch : Matias Schuttenberg, Pamela Gavila \u2022 Katalanisch : Pau Waelder, Raquel Herrera \u2022 Persisch : Samanu&hellip;&nbsp;<a href=\"https:\/\/www.manif.app\/wp\/contact-de\/\" rel=\"bookmark\">Lire la suite &raquo;<span class=\"screen-reader-text\">Kontakt<\/span><\/a><\/p>\n","protected":false},"author":1,"featured_media":0,"parent":0,"menu_order":0,"comment_status":"closed","ping_status":"closed","template":"","meta":{"neve_meta_sidebar":"full-width","neve_meta_container":"","neve_meta_enable_content_width":"on","neve_meta_content_width":100,"neve_meta_title_alignment":"","neve_meta_author_avatar":"","neve_post_elements_order":"","neve_meta_disable_header":"","neve_meta_disable_footer":"","neve_meta_disable_title":"","footnotes":""},"class_list":["post-528","page","type-page","status-publish","hentry"],"_links":{"self":[{"href":"https:\/\/www.manif.app\/wp\/wp-json\/wp\/v2\/pages\/528","targetHints":{"allow":["GET"]}}],"collection":[{"href":"https:\/\/www.manif.app\/wp\/wp-json\/wp\/v2\/pages"}],"about":[{"href":"https:\/\/www.manif.app\/wp\/wp-json\/wp\/v2\/types\/page"}],"author":[{"embeddable":true,"href":"https:\/\/www.manif.app\/wp\/wp-json\/wp\/v2\/users\/1"}],"replies":[{"embeddable":true,"href":"https:\/\/www.manif.app\/wp\/wp-json\/wp\/v2\/comments?post=528"}],"version-history":[{"count":12,"href":"https:\/\/www.manif.app\/wp\/wp-json\/wp\/v2\/pages\/528\/revisions"}],"predecessor-version":[{"id":726,"href":"https:\/\/www.manif.app\/wp\/wp-json\/wp\/v2\/pages\/528\/revisions\/726"}],"wp:attachment":[{"href":"https:\/\/www.manif.app\/wp\/wp-json\/wp\/v2\/media?parent=528"}],"curies":[{"name":"wp","href":"https:\/\/api.w.org\/{rel}","templated":true}]}}