{"id":336,"date":"2020-05-04T17:39:57","date_gmt":"2020-05-04T15:39:57","guid":{"rendered":"https:\/\/www.manif.app\/wp\/?page_id=336"},"modified":"2024-07-07T18:09:48","modified_gmt":"2024-07-07T16:09:48","slug":"ayuda","status":"publish","type":"page","link":"https:\/\/www.manif.app\/wp\/ayuda\/","title":{"rendered":"Ayuda"},"content":{"rendered":"<p style=\"text-align: justify;\">weprotest.xyz te permite manifestarte (protestar) virtualmente con otras personas en un mapa compartido.<\/p>\n<p style=\"text-align: justify;\">\u2022 Muevee el mapa (arrastra, acerca, aleja) al lugar donde deseas manifestarte<br \/>\n\u2022 Para ampliar la imagen: en el tel\u00e9fono m\u00f3vil, pellizca o extiende dos dedos. En la computadora, desliza dos dedos en el panel t\u00e1ctil hacia arriba o hacia abajo, o usa la rueda del mouse.<br \/>\n\u2022 Haz clic en \u00ab\u00a0\u00a1Protestar!\u00a0\u00bb para colocar tu avatar en el centro del mapa (en rojo)<br \/>\n\u2022 Mueve tu avatar a voluntad<br \/>\n\u2022 Completa el campo \u00ab\u00a0eslogan\u00a0\u00bb y presiona Intro o Enter para cambiar tu eslogan.<br \/>\n\u2022 Mueve el mouse o toca otros avatares para ver los lemas de las otras personas presentes.<br \/>\n\u2022 Haz click en \u00ab\u00a0Detener\u00a0\u00bb para dejar de manifestarte.<br \/>\n\u2022 Haz click en \u00ab\u00a0Actualizar\u00a0\u00bb para ver las personas actualmente presentes (el mapa no se actualiza autom\u00e1ticamente)<br \/>\n\u2022 Haz click en \u00ab\u00a0Acerca de\u00a0\u00bb para obtener informaci\u00f3n sobre weprotest.xyz<\/p>\n<p style=\"text-align: justify;\"><strong>Vida del avatar<\/strong><\/p>\n<p style=\"text-align: justify;\">Tu avatar permanecer\u00e1 en el mapa compartido <strong>durante 24 horas despu\u00e9s de su \u00faltima modificaci\u00f3n<\/strong> (desplazamiento, cambio de eslogan), o hasta que lo elimine (\u00ab\u00a0Detener protesta\u00a0\u00bb). Si desea que su avatar permanezca en el mapa durante m\u00e1s tiempo, como en una manifestaci\u00f3n de tipo ocupaci\u00f3n, modifica su ubicaci\u00f3n o eslogan al menos cada 24 h.<\/p>\n<p style=\"text-align: justify;\"><strong>Eslogan<\/strong><\/p>\n<p style=\"text-align: justify;\">El eslogan puede tener un m\u00e1ximo de 140 caracteres.<\/p>\n<p style=\"text-align: justify;\"><strong>Confidencialidad<\/strong><\/p>\n<p style=\"text-align: justify;\">weprotest.xyz est\u00e1 extremadamente preocupado por tu privacidad. Se desarrolla siguiendo un enfoque de Privacidad Por Dise\u00f1o (Privacy By Design). NO se env\u00eda informaci\u00f3n personal (n\u00famero de tel\u00e9fono, n\u00famero IMEI, geolocalizaci\u00f3n, nombre o cualquier otro) a trav\u00e9s de la red. La comunicaci\u00f3n con el servidor est\u00e1 encriptada en https en ambas direcciones, por lo que nadie puede saber si est\u00e1 demostrando o d\u00f3nde est\u00e1 demostrando o el contenido de sus lemas.<\/p>\n<p style=\"text-align: justify;\">weprotest.xyz utiliza un identificador calculado aleatoriamente asociado con tu avatar. S\u00f3lo este identificador aleatorio se almacena en una cookie, para que pueda salir de la p\u00e1gina y regresar y encontrarla nuevamente. Esta ID de cookie NO permite que nadie lo identifique. De hecho, esta cookie es la raz\u00f3n por la cual no puede identificarse cuando est\u00e1 utilizando weprotest.xyz, ya que no se transmiten otros datos en Internet. Este identificador aleatorio se cambia despu\u00e9s de 24 horas de inactividad.<\/p>\n<p style=\"text-align: justify;\">Eres an\u00f3nimo. Pero est\u00e1s presente, por supuesto.<\/p>\n<p style=\"text-align: justify;\"><strong>Acceso r\u00e1pido<\/strong><\/p>\n<p style=\"text-align: justify;\">weprotest.xyz es un sitio web. Para poder volver r\u00e1pidamente a ella con un solo clic en el tel\u00e9fono m\u00f3vil, guarda la direcci\u00f3n de la p\u00e1gina del mapa en la pantalla de inicio. En la computadora, guarda la direcci\u00f3n del sitio web en tus favoritos.<\/p>\n<p style=\"text-align: justify;\"><strong>Inicia una manifestaci\u00f3n<\/strong><\/p>\n<p style=\"text-align: justify;\">Si inicias una manifestaci\u00f3n, o si deseas se\u00f1alar a alguien a una ubicaci\u00f3n de manifestaci\u00f3n precisa, simplemente mueve el mapa a la ubicaci\u00f3n de destino y copia y env\u00eda la URL completa de la p\u00e1gina (desde el campo de direcci\u00f3n del navegador), contiene la latitud, longitud y zoom de la ubicaci\u00f3n actual del mapa. De esta manera, las personas pueden simplemente hacer clic en el enlace y estar en el lugar correcto. Por ejemplo, para llegar directamente al Palacio del El\u00edseo en Par\u00eds:<\/p>\n<p style=\"text-align: justify;\"><a href=\"https:\/\/weprotest.xyz\/?lat=48.86939036826945&amp;long=2.3158165812492375&amp;zoom=18&amp;lang=es\" rel=\"noopener noreferrer\">https:\/\/weprotest.xyz\/?lat=48.86939036826945&amp;long=2.3158165812492375&amp;zoom=18&amp;lang=es<\/a><\/p>\n<p style=\"text-align: justify;\">Si deseas organizar una manifestaci\u00f3n a largo plazo como una ocupaci\u00f3n, aconseja a tus participantes que modifiquen su avatar al menos una vez cada 24 h (cambio dela ubicaci\u00f3n o del eslogan). De esta manera, tu avatar permanecer\u00e1 en el mapa 24 horas m\u00e1s. Esto asegura que detr\u00e1s de cada avatar, haya una persona humana activa.<\/p>\n<p style=\"text-align: justify;\"><strong>Teclas aceleradoras<\/strong><\/p>\n<ul>\n<li style=\"text-align: justify;\">Alt-click en el mapa coloca tu avatar en la ubicaci\u00f3n en la que se hizo clic<\/li>\n<li style=\"text-align: justify;\">Shift-click-drag en el mapa: acerca a la zona definida<\/li>\n<li style=\"text-align: justify;\">haz click en un grupo de avatares: acerca al grupo<\/li>\n<\/ul>\n","protected":false},"excerpt":{"rendered":"<p>weprotest.xyz te permite manifestarte (protestar) virtualmente con otras personas en un mapa compartido. \u2022 Muevee el mapa (arrastra, acerca, aleja) al lugar donde deseas manifestarte \u2022 Para ampliar la imagen: en el tel\u00e9fono m\u00f3vil, pellizca o extiende dos dedos. En la computadora, desliza dos dedos en el panel t\u00e1ctil hacia arriba o hacia abajo, o&hellip;&nbsp;<a href=\"https:\/\/www.manif.app\/wp\/ayuda\/\" rel=\"bookmark\">Lire la suite &raquo;<span class=\"screen-reader-text\">Ayuda<\/span><\/a><\/p>\n","protected":false},"author":1,"featured_media":0,"parent":0,"menu_order":0,"comment_status":"closed","ping_status":"closed","template":"","meta":{"neve_meta_sidebar":"full-width","neve_meta_container":"","neve_meta_enable_content_width":"off","neve_meta_content_width":100,"neve_meta_title_alignment":"","neve_meta_author_avatar":"","neve_post_elements_order":"","neve_meta_disable_header":"","neve_meta_disable_footer":"","neve_meta_disable_title":"","footnotes":""},"class_list":["post-336","page","type-page","status-publish","hentry"],"_links":{"self":[{"href":"https:\/\/www.manif.app\/wp\/wp-json\/wp\/v2\/pages\/336","targetHints":{"allow":["GET"]}}],"collection":[{"href":"https:\/\/www.manif.app\/wp\/wp-json\/wp\/v2\/pages"}],"about":[{"href":"https:\/\/www.manif.app\/wp\/wp-json\/wp\/v2\/types\/page"}],"author":[{"embeddable":true,"href":"https:\/\/www.manif.app\/wp\/wp-json\/wp\/v2\/users\/1"}],"replies":[{"embeddable":true,"href":"https:\/\/www.manif.app\/wp\/wp-json\/wp\/v2\/comments?post=336"}],"version-history":[{"count":6,"href":"https:\/\/www.manif.app\/wp\/wp-json\/wp\/v2\/pages\/336\/revisions"}],"predecessor-version":[{"id":762,"href":"https:\/\/www.manif.app\/wp\/wp-json\/wp\/v2\/pages\/336\/revisions\/762"}],"wp:attachment":[{"href":"https:\/\/www.manif.app\/wp\/wp-json\/wp\/v2\/media?parent=336"}],"curies":[{"name":"wp","href":"https:\/\/api.w.org\/{rel}","templated":true}]}}