{"id":201,"date":"2020-04-11T14:02:52","date_gmt":"2020-04-11T12:02:52","guid":{"rendered":"https:\/\/www.manif.app\/wp\/?page_id=201"},"modified":"2024-07-07T17:41:37","modified_gmt":"2024-07-07T15:41:37","slug":"contactus","status":"publish","type":"page","link":"https:\/\/www.manif.app\/wp\/contactus\/","title":{"rendered":"Contact"},"content":{"rendered":"<p><strong>To contact us :<\/strong><\/p>\n<p>email : <img loading=\"lazy\" decoding=\"async\" class=\"alignnone size-full wp-image-708\" src=\"https:\/\/www.manif.app\/wp\/wp-content\/uploads\/2024\/07\/weprotestmail.png\" alt=\"\" width=\"181\" height=\"18\" \/><\/p>\n<p>Facebook : <a href=\"https:\/\/www.facebook.com\/manifapp\/\" target=\"_blank\" rel=\"noopener noreferrer\">www.facebook.com\/manifapp\/<\/a><\/p>\n<p>&nbsp;<\/p>\n<p><strong>Credits<\/strong><\/p>\n<p>Concept, development : Antoine Schmitt<br \/>\nCommunication, discussions : Hortense Gauthier<\/p>\n<p>Translations:<br \/>\n\u2022 English : Antoine Schmitt<br \/>\n\u2022 Portugese : Cl\u00e1udia Linhares Sales (SBPC)<br \/>\n<span class=\"tlid-translation translation\" lang=\"es\"><span class=\"\" title=\"\">\u2022 Italian<\/span><\/span> : Chantal Lora<br \/>\n<span class=\"tlid-translation translation\" lang=\"es\"><span class=\"\" title=\"\">\u2022 Spanish : Matias Schuttenberg, Pamela Gavila<br \/>\n\u2022 Catalan: Pau Waelder, Raquel Herrera<br \/>\n\u2022 <span class=\"tlid-translation translation\" lang=\"en\">Persian<\/span> : Samanu<br \/>\n\u2022 Russian : Inga Pichat<br \/>\n\u2022 Japanese : Miho SANO<br \/>\n\u2022 German: deepl.com (supervised by ab)<br \/>\n\u2022 Chinese : Claire Harsany, M.TM, \u6c6a\u6021\u541b, Blanche<br \/>\n<\/span><\/span><\/p>\n<p>We are looking for translators to : Arabic, Turkish, Hindi, Korean, and all languages.. Contact us !<\/p>\n<p>Thanks to the support network, David Guez, Olivier Mevel, Patricia Dallio, Jean-Marc Matos, V\u00e9ro God\u00e9, Fr\u00e9d\u00e9rique Deviller, Jean-Jacques Birg\u00e9, Alissa Thor, Jean-philippe Lannoy, Samson Sylvain, <span class=\"tlid-translation translation\" lang=\"es\"><span class=\"\" title=\"\">Camille<\/span><\/span>&#8230;<\/p>\n<p>Special thanks to Guinness (La Quadrature Du Net) for the technical expertise.<\/p>\n<p>&nbsp;<\/p>\n<p><strong>Legal mentions<br \/>\n<\/strong><\/p>\n<p>weprotest.xyz\/Manif.app is a citizen initiative, with no commercial purpose.<br \/>\nweprotest.xyz\/Manif.app does not collect any personal data.<br \/>\nWebsite published by Antoine Schmitt, hosted on a dedicated server, rented on phpnet.org.<br \/>\nweprotest.xyz\/Manif.app stores only one cookie, used only on this site, to memorize the potential avatar of the user for 24 hours.<\/p>\n<p>&nbsp;<\/p>\n<p><strong>Terms Of Use<\/strong><\/p>\n<ul>\n<li>The publisher is not responsible in case of interruption of service<br \/>\n<span id=\"hs_cos_wrapper_post_body\" class=\"hs_cos_wrapper hs_cos_wrapper_meta_field hs_cos_wrapper_type_rich_text\" data-hs-cos-general-type=\"meta_field\" data-hs-cos-type=\"rich_text\"><\/span><\/li>\n<li>The publisher is not responsible of the content of the slogans<\/li>\n<li>The publisher is not responsible of the organization of the manifestations and protests, of their localization, of their object.<\/li>\n<\/ul>\n","protected":false},"excerpt":{"rendered":"<p>To contact us : email : Facebook : www.facebook.com\/manifapp\/ &nbsp; Credits Concept, development : Antoine Schmitt Communication, discussions : Hortense Gauthier Translations: \u2022 English : Antoine Schmitt \u2022 Portugese : Cl\u00e1udia Linhares Sales (SBPC) \u2022 Italian : Chantal Lora \u2022 Spanish : Matias Schuttenberg, Pamela Gavila \u2022 Catalan: Pau Waelder, Raquel Herrera \u2022 Persian :&hellip;&nbsp;<a href=\"https:\/\/www.manif.app\/wp\/contactus\/\" rel=\"bookmark\">Lire la suite &raquo;<span class=\"screen-reader-text\">Contact<\/span><\/a><\/p>\n","protected":false},"author":1,"featured_media":0,"parent":0,"menu_order":0,"comment_status":"closed","ping_status":"closed","template":"","meta":{"neve_meta_sidebar":"full-width","neve_meta_container":"","neve_meta_enable_content_width":"on","neve_meta_content_width":100,"neve_meta_title_alignment":"","neve_meta_author_avatar":"","neve_post_elements_order":"","neve_meta_disable_header":"","neve_meta_disable_footer":"","neve_meta_disable_title":"","footnotes":""},"class_list":["post-201","page","type-page","status-publish","hentry"],"_links":{"self":[{"href":"https:\/\/www.manif.app\/wp\/wp-json\/wp\/v2\/pages\/201","targetHints":{"allow":["GET"]}}],"collection":[{"href":"https:\/\/www.manif.app\/wp\/wp-json\/wp\/v2\/pages"}],"about":[{"href":"https:\/\/www.manif.app\/wp\/wp-json\/wp\/v2\/types\/page"}],"author":[{"embeddable":true,"href":"https:\/\/www.manif.app\/wp\/wp-json\/wp\/v2\/users\/1"}],"replies":[{"embeddable":true,"href":"https:\/\/www.manif.app\/wp\/wp-json\/wp\/v2\/comments?post=201"}],"version-history":[{"count":25,"href":"https:\/\/www.manif.app\/wp\/wp-json\/wp\/v2\/pages\/201\/revisions"}],"predecessor-version":[{"id":721,"href":"https:\/\/www.manif.app\/wp\/wp-json\/wp\/v2\/pages\/201\/revisions\/721"}],"wp:attachment":[{"href":"https:\/\/www.manif.app\/wp\/wp-json\/wp\/v2\/media?parent=201"}],"curies":[{"name":"wp","href":"https:\/\/api.w.org\/{rel}","templated":true}]}}